{"id":29,"date":"2020-07-29T08:33:40","date_gmt":"2020-07-29T08:33:40","guid":{"rendered":"http:\/\/bayshorelogistics.com\/?page_id=29"},"modified":"2020-08-11T11:00:35","modified_gmt":"2020-08-11T11:00:35","slug":"about-us","status":"publish","type":"page","link":"http:\/\/bayshorelogistics.com\/es\/about-us\/","title":{"rendered":"About Us"},"content":{"rendered":"<p><div class=\"fusion-fullwidth fullwidth-box fusion-builder-row-2 fusion-flex-container fusion-parallax-none bc-filter min-height nonhundred-percent-fullwidth hundred-percent-height hundred-percent-height-center-content non-hundred-percent-height-scrolling\" style=\"background-color: rgba(2,31,41,0.7);background-image: url(&quot;http:\/\/bayshorelogistics.com\/wp-content\/uploads\/2020\/08\/about-us-b.png&quot;);background-position: center center;background-repeat: no-repeat;border-width: 0px 0px 0px 0px;border-color:#e2e2e2;border-style:solid;-webkit-background-size:cover;-moz-background-size:cover;-o-background-size:cover;background-size:cover;\" ><div class=\"fusion-builder-row fusion-row fusion-flex-align-items-flex-start\" style=\"max-width:1248px;margin-left: calc(-4% \/ 2 );margin-right: calc(-4% \/ 2 );\"><div class=\"fusion-layout-column fusion_builder_column fusion-builder-column-1 fusion_builder_column_1_1 1_1 fusion-flex-column\"><div class=\"fusion-column-wrapper fusion-flex-justify-content-flex-start fusion-content-layout-column\" style=\"background-position:left top;background-repeat:no-repeat;-webkit-background-size:cover;-moz-background-size:cover;-o-background-size:cover;background-size:cover;background-color:rgba(255,255,255,0);padding: 0px 0px 0px 0px;\"><style>\nhtml:not(.avada-has-site-width-percent) body #main {\n\tpadding: 0;\n}\n\nbody #main .fusion-row {\n\tmax-width: 100%;\n}\n\n.bc-filter {\n\tmin-height: 787px;\n}\n<\/style><style type=\"text\/css\">@media only screen and (max-width:1024px) {.fusion-title.fusion-title-7{margin-top:10px!important; margin-right:0px!important;margin-bottom:50px!important;margin-left:0px!important;}}@media only screen and (max-width:640px) {.fusion-title.fusion-title-7{margin-top:10px!important; margin-right:0px!important;margin-bottom:10px!important; margin-left:0px!important;}}<\/style><div class=\"fusion-title title fusion-title-7 fusion-title-center fusion-title-text fusion-title-size-two separator-header\" style=\"margin-top:10px;margin-right:0px;margin-bottom:50px;margin-left:0px;\"><div class=\"title-sep-container title-sep-container-left\"><div class=\"title-sep sep-single sep-solid\" style=\"border-color:rgba(255,255,255,0.2);\"><\/div><\/div><div class=\"title-heading-center title-heading-tag\" style=\"margin:0;\"><\/div><div class=\"title-sep-container title-sep-container-right\"><div class=\"title-sep sep-single sep-solid\" style=\"border-color:rgba(255,255,255,0.2);\"><\/div><\/div><\/div><style type=\"text\/css\">@media only screen and (max-width:1024px) {.fusion-title.fusion-title-8{margin-top:0px!important; margin-right:0px!important;margin-bottom:0px!important;margin-left:0px!important;}}@media only screen and (max-width:640px) {.fusion-title.fusion-title-8{margin-top:10px!important; margin-right:0px!important;margin-bottom:10px!important; margin-left:0px!important;}}<\/style><div class=\"fusion-title title fusion-title-8 fusion-title-center fusion-title-text fusion-title-size-one\" style=\"font-size:40px;margin-top:0px;margin-right:0px;margin-bottom:0px;margin-left:0px;\"><div class=\"title-sep-container title-sep-container-left\"><div class=\"title-sep sep-double sep-solid\" style=\"border-color:rgba(226,226,226,0);\"><\/div><\/div><h1 class=\"title-heading-center\" style=\"margin:0;font-size:1em;color:#ffffff;\">Sobre nosotros<\/h1><div class=\"title-sep-container title-sep-container-right\"><div class=\"title-sep sep-double sep-solid\" style=\"border-color:rgba(226,226,226,0);\"><\/div><\/div><\/div><style type=\"text\/css\">@media only screen and (max-width:1024px) {.fusion-title.fusion-title-9{margin-top:10px!important; margin-right:0px!important;margin-bottom:15px!important;margin-left:0px!important;}}@media only screen and (max-width:640px) {.fusion-title.fusion-title-9{margin-top:10px!important; margin-right:0px!important;margin-bottom:10px!important; margin-left:0px!important;}}<\/style><div class=\"fusion-title title fusion-title-9 fusion-title-center fusion-title-text fusion-title-size-three\" style=\"font-size:20px;margin-top:10px;margin-right:0px;margin-bottom:15px;margin-left:0px;\"><div class=\"title-sep-container title-sep-container-left\"><div class=\"title-sep sep-double sep-solid\" style=\"border-color:rgba(226,226,226,0);\"><\/div><\/div><h3 class=\"title-heading-center\" style=\"margin:0;font-size:1em;color:#ffffff;\">Su soluci\u00f3n de log\u00edstica de servicio completo<\/h3><div class=\"title-sep-container title-sep-container-right\"><div class=\"title-sep sep-double sep-solid\" style=\"border-color:rgba(226,226,226,0);\"><\/div><\/div><\/div><div class=\"fusion-builder-row fusion-builder-row-inner fusion-row fusion-flex-align-items-flex-start\" style=\"width:104% !important;max-width:104% !important;margin-left: calc(-4% \/ 2 );margin-right: calc(-4% \/ 2 );\"><div class=\"fusion-layout-column fusion_builder_column_inner fusion-builder-nested-column-1 fusion_builder_column_inner_1_1 1_1 fusion-flex-column\"><div class=\"fusion-column-wrapper fusion-flex-justify-content-flex-start fusion-content-layout-column\" style=\"background-position:left top;background-repeat:no-repeat;-webkit-background-size:cover;-moz-background-size:cover;-o-background-size:cover;background-size:cover;padding: 0px 0px 0px 0px;\"><style type=\"text\/css\">@media only screen and (max-width:1024px) {.fusion-title.fusion-title-10{margin-top:10px!important; margin-right:0px!important;margin-bottom:15px!important;margin-left:0px!important;}}@media only screen and (max-width:640px) {.fusion-title.fusion-title-10{margin-top:10px!important; margin-right:0px!important;margin-bottom:10px!important; margin-left:0px!important;}}<\/style><div class=\"fusion-title title fusion-title-10 fusion-title-text fusion-title-size-five\" style=\"font-size:28px;margin-top:10px;margin-right:0px;margin-bottom:15px;margin-left:0px;\"><div class=\"title-sep-container title-sep-container-left fusion-no-large-visibility fusion-no-medium-visibility fusion-no-small-visibility\"><div class=\"title-sep sep-double sep-solid\" style=\"border-color:rgba(226,226,226,0);\"><\/div><\/div><h5 class=\"title-heading-left\" style=\"margin:0;font-size:1em;color:#ffffff;line-height:27px;\">EMPRESA<\/h5><div class=\"title-sep-container title-sep-container-right\"><div class=\"title-sep sep-double sep-solid\" style=\"border-color:rgba(226,226,226,0);\"><\/div><\/div><\/div><div class=\"fusion-text fusion-text-6\" style=\"text-align:left;font-size:16px;line-height:15px;color:#ffffff;\"><p>Bayshore Logistics &amp; Services es un agente de carga internacional global y NVOCC con sede en el \u00e1rea de Nueva York \/ Nueva Jersey.<br \/>\nDebido a que no estamos basados \u200b\u200ben activos, Bayshore es libre de buscar entre muchos operadores y proveedores para negociar las mejores tarifas y la combinaci\u00f3n \u00f3ptima de servicios para nuestros clientes. Con tantas opciones disponibles, simplificamos el proceso de recopilaci\u00f3n de informaci\u00f3n y reserva, ahorr\u00e1ndole una cantidad considerable de tiempo y esfuerzo. Deje que los expertos administren los detalles de sus necesidades de env\u00edo y log\u00edstica, para que no tenga que hacerlo.<\/p>\n<\/div><style type=\"text\/css\">@media only screen and (max-width:1024px) {.fusion-title.fusion-title-11{margin-top:10px!important; margin-right:0px!important;margin-bottom:15px!important;margin-left:0px!important;}}@media only screen and (max-width:640px) {.fusion-title.fusion-title-11{margin-top:10px!important; margin-right:0px!important;margin-bottom:10px!important; margin-left:0px!important;}}<\/style><div class=\"fusion-title title fusion-title-11 fusion-title-text fusion-title-size-five\" style=\"font-size:28px;margin-top:10px;margin-right:0px;margin-bottom:15px;margin-left:0px;\"><div class=\"title-sep-container title-sep-container-left fusion-no-large-visibility fusion-no-medium-visibility fusion-no-small-visibility\"><div class=\"title-sep sep-double sep-solid\" style=\"border-color:rgba(226,226,226,0);\"><\/div><\/div><h5 class=\"title-heading-left\" style=\"margin:0;font-size:1em;color:#ffffff;line-height:27px;\">TRANSMISOR INTERNACIONAL DE CARGA<\/h5><div class=\"title-sep-container title-sep-container-right\"><div class=\"title-sep sep-double sep-solid\" style=\"border-color:rgba(226,226,226,0);\"><\/div><\/div><\/div><div class=\"fusion-text fusion-text-7\" style=\"text-align:left;font-size:16px;line-height:15px;color:#ffffff;\"><p>Como agente de carga, Bayshore ofrece servicios integrales de env\u00edo internacional a exportadores e importadores en los Estados Unidos y en el extranjero. Nuestros equipos especializados de transporte a\u00e9reo y mar\u00edtimo aportan un alto nivel de experiencia y enfoque a cada env\u00edo. Entendemos que los transportistas son los principales interesados \u200b\u200ben el comercio internacional y nuestro objetivo es hacer que el proceso log\u00edstico sea lo m\u00e1s f\u00e1cil posible una vez que haya completado la venta.<\/p>\n<\/div><style type=\"text\/css\">@media only screen and (max-width:1024px) {.fusion-title.fusion-title-12{margin-top:10px!important; margin-right:0px!important;margin-bottom:15px!important;margin-left:0px!important;}}@media only screen and (max-width:640px) {.fusion-title.fusion-title-12{margin-top:10px!important; margin-right:0px!important;margin-bottom:10px!important; margin-left:0px!important;}}<\/style><div class=\"fusion-title title fusion-title-12 fusion-title-text fusion-title-size-five\" style=\"font-size:28px;margin-top:10px;margin-right:0px;margin-bottom:15px;margin-left:0px;\"><div class=\"title-sep-container title-sep-container-left fusion-no-large-visibility fusion-no-medium-visibility fusion-no-small-visibility\"><div class=\"title-sep sep-double sep-solid\" style=\"border-color:rgba(226,226,226,0);\"><\/div><\/div><h5 class=\"title-heading-left\" style=\"margin:0;font-size:1em;color:#ffffff;line-height:27px;\">PROVEEDOR DE SERVICIOS DE LOG\u00cdSTICA 3PL<\/h5><div class=\"title-sep-container title-sep-container-right\"><div class=\"title-sep sep-double sep-solid\" style=\"border-color:rgba(226,226,226,0);\"><\/div><\/div><\/div><div class=\"fusion-text fusion-text-8\" style=\"text-align:left;font-size:16px;line-height:15px;color:#ffffff;\"><p>Bayshore tambi\u00e9n es un proveedor de servicios de log\u00edstica orientado al cliente, que ofrece almacenamiento y distribuci\u00f3n a trav\u00e9s de proveedores externos. En este rol, nos esforzamos por ofrecer un servicio al cliente excepcional y una inversi\u00f3n a largo plazo en las relaciones con los clientes que no tienen parang\u00f3n en la industria. Nuestra misi\u00f3n es tomar posesi\u00f3n del lado del transporte de cada transacci\u00f3n para que pueda concentrarse en otros aspectos de la gesti\u00f3n de su negocio.<br \/>\nPerm\u00edtanos gestionar sus necesidades globales de env\u00edo y log\u00edstica.<\/p>\n<\/div><div class=\"fusion-text fusion-text-9\" style=\"text-align:left;font-size:16px;line-height:15px;color:#ffffff;\"><p><strong>Bayshore<\/strong> junto con varios agentes extranjeros igualmente experimentados. Cuenta con una red global<br \/>\nde m\u00e1s de 7000 oficinas en 191 pa\u00edses de todo el mundo para brindarle un mejor servicio.<\/p>\n<\/div><div class=\"fusion-text fusion-text-10\" style=\"text-align:left;font-size:16px;line-height:15px;color:#12a6ba;\"><p><strong>Firmemente anclados en nuestro compromiso con un servicio global incomparable.<\/strong><\/p>\n<\/div><\/div><style type=\"text\/css\">.fusion-body .fusion-builder-nested-column-1{width:100% !important;margin-top : 15px;margin-bottom : 20px;}.fusion-builder-nested-column-1 > .fusion-column-wrapper {padding-top : 0px !important;padding-right : 0px !important;margin-right : 1.92%;padding-bottom : 0px !important;padding-left : 0px !important;margin-left : 1.92%;}@media only screen and (max-width:1024px) {.fusion-body .fusion-builder-nested-column-1{width:100% !important;order : 0;}.fusion-builder-nested-column-1 > .fusion-column-wrapper {margin-right : 1.92%;margin-left : 1.92%;}}@media only screen and (max-width:640px) {.fusion-body .fusion-builder-nested-column-1{width:100% !important;order : 0;}.fusion-builder-nested-column-1 > .fusion-column-wrapper {margin-right : 1.92%;margin-left : 1.92%;}}<\/style><\/div><\/div><\/div><style type=\"text\/css\">.fusion-body .fusion-builder-column-1{width:100% !important;margin-top : 0px;margin-bottom : 0px;}.fusion-builder-column-1 > .fusion-column-wrapper {padding-top : 0px !important;padding-right : 0px !important;margin-right : 1.92%;padding-bottom : 0px !important;padding-left : 0px !important;margin-left : 1.92%;}@media only screen and (max-width:1024px) {.fusion-body .fusion-builder-column-1{width:100% !important;order : 0;}.fusion-builder-column-1 > .fusion-column-wrapper {margin-right : 1.92%;margin-left : 1.92%;}}@media only screen and (max-width:640px) {.fusion-body .fusion-builder-column-1{width:100% !important;order : 0;}.fusion-builder-column-1 > .fusion-column-wrapper {margin-right : 1.92%;margin-left : 1.92%;}}<\/style><\/div><\/div><style type=\"text\/css\">.fusion-body .fusion-flex-container.fusion-builder-row-2{ padding-top : 100px;margin-top : 0px;padding-right : 0px;padding-bottom : 0px;margin-bottom : 0px;padding-left : 0px;}<\/style><\/div><\/p>","protected":false},"excerpt":{"rendered":"","protected":false},"author":1,"featured_media":0,"parent":0,"menu_order":0,"comment_status":"closed","ping_status":"closed","template":"","meta":[],"_links":{"self":[{"href":"http:\/\/bayshorelogistics.com\/es\/wp-json\/wp\/v2\/pages\/29"}],"collection":[{"href":"http:\/\/bayshorelogistics.com\/es\/wp-json\/wp\/v2\/pages"}],"about":[{"href":"http:\/\/bayshorelogistics.com\/es\/wp-json\/wp\/v2\/types\/page"}],"author":[{"embeddable":true,"href":"http:\/\/bayshorelogistics.com\/es\/wp-json\/wp\/v2\/users\/1"}],"replies":[{"embeddable":true,"href":"http:\/\/bayshorelogistics.com\/es\/wp-json\/wp\/v2\/comments?post=29"}],"version-history":[{"count":40,"href":"http:\/\/bayshorelogistics.com\/es\/wp-json\/wp\/v2\/pages\/29\/revisions"}],"predecessor-version":[{"id":792,"href":"http:\/\/bayshorelogistics.com\/es\/wp-json\/wp\/v2\/pages\/29\/revisions\/792"}],"wp:attachment":[{"href":"http:\/\/bayshorelogistics.com\/es\/wp-json\/wp\/v2\/media?parent=29"}],"curies":[{"name":"wp","href":"https:\/\/api.w.org\/{rel}","templated":true}]}}