{"id":604,"date":"2020-08-04T13:44:08","date_gmt":"2020-08-04T13:44:08","guid":{"rendered":"http:\/\/bayshorelogistics.com\/?page_id=604"},"modified":"2020-08-11T12:38:52","modified_gmt":"2020-08-11T12:38:52","slug":"ocean-freight","status":"publish","type":"page","link":"http:\/\/bayshorelogistics.com\/es\/ocean-freight\/","title":{"rendered":"Ocean freight"},"content":{"rendered":"<p><div class=\"fusion-fullwidth fullwidth-box fusion-builder-row-2 fusion-flex-container fusion-parallax-none bc-filter min-height nonhundred-percent-fullwidth hundred-percent-height hundred-percent-height-center-content non-hundred-percent-height-scrolling\" style=\"background-color: rgba(255,255,255,0);background-image: url(&quot;http:\/\/bayshorelogistics.com\/wp-content\/uploads\/2020\/08\/OCEAN-FREIGHT.png&quot;);background-position: center center;background-repeat: no-repeat;border-width: 0px 0px 0px 0px;border-color:#e2e2e2;border-style:solid;-webkit-background-size:cover;-moz-background-size:cover;-o-background-size:cover;background-size:cover;\" ><div class=\"fusion-builder-row fusion-row fusion-flex-align-items-flex-start\" style=\"max-width:1248px;margin-left: calc(-4% \/ 2 );margin-right: calc(-4% \/ 2 );\"><div class=\"fusion-layout-column fusion_builder_column fusion-builder-column-1 fusion_builder_column_1_1 1_1 fusion-flex-column\"><div class=\"fusion-column-wrapper fusion-flex-justify-content-flex-start fusion-content-layout-column\" style=\"background-position:left top;background-repeat:no-repeat;-webkit-background-size:cover;-moz-background-size:cover;-o-background-size:cover;background-size:cover;padding: 0px 0px 0px 0px;\"><style>\nhtml:not(.avada-has-site-width-percent) body #main {\n\tpadding: 0;\n}\n\nbody #main .fusion-row {\n\tmax-width: 100%;\n}\n<\/style><style type=\"text\/css\">@media only screen and (max-width:1024px) {.fusion-title.fusion-title-3{margin-top:10px!important; margin-right:0px!important;margin-bottom:15px!important;margin-left:0px!important;}}@media only screen and (max-width:640px) {.fusion-title.fusion-title-3{margin-top:10px!important; margin-right:0px!important;margin-bottom:10px!important; margin-left:0px!important;}}<\/style><div class=\"fusion-title title fusion-title-3 fusion-title-center fusion-title-text fusion-title-size-two separator-header\" style=\"margin-top:10px;margin-right:0px;margin-bottom:15px;margin-left:0px;\"><div class=\"title-sep-container title-sep-container-left\"><div class=\"title-sep sep-single sep-solid\" style=\"border-color:rgba(255,255,255,0.2);\"><\/div><\/div><div class=\"title-heading-center title-heading-tag\" style=\"margin:0;color:rgba(0,0,0,0);\"><\/div><div class=\"title-sep-container title-sep-container-right\"><div class=\"title-sep sep-single sep-solid\" style=\"border-color:rgba(255,255,255,0.2);\"><\/div><\/div><\/div><style type=\"text\/css\">@media only screen and (max-width:1024px) {.fusion-title.fusion-title-4{margin-top:40px!important; margin-right:0px!important;margin-bottom:30px!important;margin-left:0px!important;}}@media only screen and (max-width:640px) {.fusion-title.fusion-title-4{margin-top:10px!important; margin-right:0px!important;margin-bottom:10px!important; margin-left:0px!important;}}<\/style><div class=\"fusion-title title fusion-title-4 fusion-title-center fusion-title-text fusion-title-size-one\" style=\"font-size:40px;margin-top:40px;margin-right:0px;margin-bottom:30px;margin-left:0px;\"><div class=\"title-sep-container title-sep-container-left\"><div class=\"title-sep sep-double sep-solid\" style=\"border-color:rgba(226,226,226,0);\"><\/div><\/div><h1 class=\"title-heading-center\" style=\"margin:0;font-size:1em;color:#ffffff;line-height:38px;\">CARGA MAR\u00cdTIMA<\/h1><div class=\"title-sep-container title-sep-container-right\"><div class=\"title-sep sep-double sep-solid\" style=\"border-color:rgba(226,226,226,0);\"><\/div><\/div><\/div><div class=\"fusion-builder-row fusion-builder-row-inner fusion-row fusion-flex-align-items-flex-start\" style=\"width:104% !important;max-width:104% !important;margin-left: calc(-4% \/ 2 );margin-right: calc(-4% \/ 2 );\"><div class=\"fusion-layout-column fusion_builder_column_inner fusion-builder-nested-column-2 fusion_builder_column_inner_1_3 1_3 fusion-flex-column\"><div class=\"fusion-column-wrapper fusion-flex-justify-content-flex-start fusion-content-layout-column\" style=\"background-position:left top;background-repeat:no-repeat;-webkit-background-size:cover;-moz-background-size:cover;-o-background-size:cover;background-size:cover;padding: 0px 0px 0px 0px;\"><style>\n.list-tabs {\n\tmargin: 0;\n  \tpadding: 0 15px;\n\tbackground: #FFFFFF;\n\tborder-radius: 10px;\n    list-style: none;\n}\n\n.list-tabs p {\n  \tmargin: 0;\n\tpadding: 17px 20px;\n  \tborder-bottom: 1px solid rgba(18, 166, 186, 0.2);\n}\n\n.list-tabs p.child {\n\tpadding-left: 45px;\n}\n\n.list-tabs p a {\n  font-weight: 500;\n  text-transform: uppercase;\n\tdisplay: block;\n}\n\n.list-tabs li.active a {\n\tcolor: #12A6BA;\n}\n\n.list-tabs li:last-child p {\n\tborder-bottom: none;\n}\n<\/style>\n\n<ul class=\"list-tabs\">\n\t<li class=\"active\">\n\t\t<p>\n\t\t\t<a href=\"\/ocean-freight\/\">CARGA MAR\u00cdTIMA<\/a>\n\t\t<\/p>\n\t<\/li>\n\t<li>\n\t\t<p class=\"child\">\n\t\t\t<a href=\"\/ocean-freight\/full-container\/\">CONTENEDOR LLENO<\/a>\n\t\t<\/p>\n\t<\/li>\n\t<li>\n\t\t<p class=\"child\">\n\t\t\t<a href=\"\/ocean-freight\/less-than-full-container\/\">Carga Suelta \/ LCL<\/a>\n\t\t<\/p>\n\t<\/li>\n\t<li>\n\t\t<p class=\"child\">\n\t\t\t<a href=\"\/ocean-freight\/ro-ro-services\/\">SERVICIOS RO-RO<\/a>\n\t\t<\/p>\n\t<\/li>\n\t<li>\n\t\t<p>\n\t\t\t<a href=\"\/air-freight\/\">Flete A\u00e9reo<\/a>\n\t\t<\/p>\n\t<\/li>\n\t<li>\n\t\t<p>\n\t\t\t<a href=\"\/warehousing\/\">ALMACENAMIENTO<\/a>\n\t\t<\/p>\n\t<\/li>\n\t<li>\n\t\t<p>\n\t\t\t<a href=\"\/project-cargo\/\">CARGA DE PROYECTO<\/a>\n\t\t<\/p>\n\t<\/li>\n\t<li>\n\t\t<p>\n\t\t\t<a href=\"\/3pl-services\/\">SERVICIOS 3PL<\/a>\n\t\t<\/p>\n\t<\/li>\n<\/ul><\/div><style type=\"text\/css\">.fusion-body .fusion-builder-nested-column-2{width:33.333333333333% !important;margin-top : 0px;margin-bottom : 20px;}.fusion-builder-nested-column-2 > .fusion-column-wrapper {padding-top : 0px !important;padding-right : 0px !important;margin-right : 5.76%;padding-bottom : 0px !important;padding-left : 0px !important;margin-left : 5.76%;}@media only screen and (max-width:1024px) {.fusion-body .fusion-builder-nested-column-2{width:33.333333333333% !important;order : 0;}.fusion-builder-nested-column-2 > .fusion-column-wrapper {margin-right : 5.76%;margin-left : 5.76%;}}@media only screen and (max-width:640px) {.fusion-body .fusion-builder-nested-column-2{width:100% !important;order : 0;}.fusion-builder-nested-column-2 > .fusion-column-wrapper {margin-right : 1.92%;margin-left : 1.92%;}}<\/style><\/div><div class=\"fusion-layout-column fusion_builder_column_inner fusion-builder-nested-column-3 fusion_builder_column_inner_2_3 2_3 fusion-flex-column\"><div class=\"fusion-column-wrapper fusion-flex-justify-content-flex-start fusion-content-layout-column\" style=\"background-position:left top;background-repeat:no-repeat;-webkit-background-size:cover;-moz-background-size:cover;-o-background-size:cover;background-size:cover;padding: 0px 0px 0px 0px;\"><div class=\"fusion-text fusion-text-4\" style=\"text-align:left;font-size:16px;line-height:15px;color:#ffffff;\"><p>Bayshore es una compa\u00f1\u00eda experimentada en transporte mar\u00edtimo. Ofrecemos una gama completa de servicios de importaci\u00f3n y exportaci\u00f3n mar\u00edtima, incluidos los servicios de carga completa de contenedores (FCL), carga suelta (LCL) y roll-on \/ roll-off (ro-ro). A trav\u00e9s de nuestros socios, podemos integrar el transporte mar\u00edtimo con otros modos de transporte, carretera y ferrocarril, lo que nos permite ofrecer servicios puerta a puerta y puerta a puerto. Adem\u00e1s, brindamos servicios de corretaje de aduanas y documentaci\u00f3n para que su carga cruce las fronteras de la manera m\u00e1s eficiente y r\u00e1pida posible. La tecnolog\u00eda de Bayshore le permite seguir el progreso de su env\u00edo en tiempo real.<\/p>\n<\/div><div class=\"fusion-text fusion-text-5\" style=\"font-size:16px;line-height:18px;color:#12a6ba;\"><p><!--(figmeta)eyJmaWxlS2V5IjoiREhvUWRGUEY0clVxV29DempTd3VkaDcwIiwicGFzdGVJRCI6MTU0Mzc1MTIzMiwiZGF0YVR5cGUiOiJzY2VuZSJ9Cg==(\/figmeta)--><!--(figma)ZmlnLWtpd2kCAAAAoh0AALVb+5ckSVWOyKp+Tc\/Ozj54ioiIiKg4O7vsLohIdlZWV3ZXVeZmZlXPrEiRXZXdnTvVVWVldc\/0ioiI77ciKioivhAV329ExbciKqKIIPLS4\/F4PP4Jfl9Evmp64Df3nO24cePmjRs37r1x40bNk504TaPDODybxULcteM63UEQmn4o8F\/XbdgDq2V2t+0AXdkLbL\/SNxS13W0ArgXOdtdsA6oH4fW2DWBFAYPAJq9VRas4D4Jdxxv4dts1+eVa1w2d5vVB0HJ77cag5237ZoPfr2fgoOF22d\/I+77d9O2gBdSFwLK79gBorzV4rGf714HcrCJ922sTedG8laQQ+RpgQYQ0h0MsHSjfNhsDt6vIhOrs+U7IGWV3Ooq9oyiNQWZhKLQpMYg6bl+Bci+ZjJLJoX8yJk3X7T5u+y4GhNtQ4+SgdXsPBm2gRMO1eh27S61Iy+z2zQCQse27PQ9ArembHdLVt1y3bZvdgevZvhk6bhfIlb5tha4PaJW6RLvWdhTbdbvddryA4IYPImyS2oULvr3da5v+wHPb17cVk01M1W3YDSinpLsY2tco0l1B27GIuBRc72y53NG7nS4m6yrs5a1xPBl1sCoh7vPMIBiELbDb5m7AXvyOsgHZMP1dm3MZnV47dPQe1CgqJNnq+RyqW27bLXorbWe7FapvVgPoWkFqcfii4Ta2bfTX9Sd5dwO74LdN8r4QuM1woHigt9ky\/UbRu9hwmk3bt\/UK7rKvWe1eoPV5qdUj7u7ADHuFki+rWQDc0+51nK4bOCGnuNeLkslCb+Za4LYdbrCAmTUc7CZmo6jAyALFVukDuwuQKKibuwFcrcCBqOMqL6o7HVOtbAUWtuMAWHWO4Z3BMBrHWulwL98OLaXvpsPlyabTVpOEjtrJmn1wEA8zQetOtwunDVpmw93DoGj4rld2ZdOFfWADu43BVrtHuYwt09pdRtXC+NbCUm6w6vrOtqM9XfQ8mCZa2Xb3FAARQi1DAENoDyzTo3HXy96g6fqWcp0VMm3Ew+k8WiTTCb7JHQQzY1uhTsASy3V27dLIjO7J8X48702SRYpvfJPLEJ5zzW4HACQkgvtTL4Y1naSLeWXTsJnAC44rcWXHZDwwMEem0lpgmWoB9SY4Ngb6i5Wso6hXg8V8eiM2x8nhBB8UzAS8xFGBS7q9MAMNTWxFM3DJ14elqN2WwWM90yfKMH3f3VMmxEXUdNd+rOe0EXN8pe26ZrUzTThtBxFKzbpl920Oy5yrsTWdjuNo4s7iXLP1XldbNmTEZwHcHrAMeluhbyrYuKYMXm20WllrOk+enE4W0Rift+0miSqKgxEo1zJ2egGit6N2tPy6H88XCWyWONfDUOXTLTcM3Q4gozM9SWPrZJ5O59icht00ESswICzfDWCijg9Y2tdt2iz2FT0Dh4+ayjOxFMQOC7aBft1T8WIFjeW0Aa324QLTeSeZz8m9sC34n9pfqQC4I8KE3d0OuflGI0qPtJcZFoIpUKI0Dak8UVtS3etuAyV2PJutDPpsDK\/RRFOzb82m88Xt1lezXKgAQucmJnLEntNQ88sc0bJz9bajs+nJYnuejDSTujbIijpLAQ1tn7XyGy9aLOL5BEOgcjxlWwhYKnBJtVkni6kfp8mTYF2oSImjNFPIIQsIBn02joM4WxQU7gduFg5C2+S+Sgs2oXcY5zRO5a7F8FkL7Y7n+qY6o2HMmg20tIgLFZ2LqgBlHhMxdTS8ofenELaFePQ41KYkkDgOQgfqBayplTWC\/JzatK40kTU9gRDzjPa8inPaQtM19dnOSbpIDs4+0xeeadkDOKhOLvRngdK2oUIKkEgmAudxexC6gyycQyUTGC88V2uliBuweNuHrgfMy9CXPV+tdAsBG23Narvq\/K87XE5UYXHR7Q5g0YpMmE2wGYROx0acQl92XCR2A7UGQ8N6oIavWjxiAdf1AE4Nkq3onkpYVkHlYRE0LuRyStT1hm\/SIzYwtmtfzz+7gG7f1enFZjiPJmlSyvgMxE9kGeEAMQmRNDuLRcMJYBV9G6BsIvtDayBFQRrY9N0OnFeFploFlcemegWno9BKBVOEoVWvF7Q0LmO2VmJyXuslSrPaKBEFpwvMCjUu47RZYnJOF0uU5nRXiSg4XdKCYhtAlDO7ewmZ87u8hNUs71nCFVzvVTNl2IzpfVVczvP+KlKzfEoVVXB8KlzTsQYcQ+9pOOaR3ptdeKzKn59uRymSY72\/68j\/rd6WY2FAkFHekUixKl2Dp6DOkPAFbbsYqpNuCbOiv13Crer4U\/TXguF8Oh43krn2KvDJzPQzRA8sUXu6+hYuuaBDxSO48CLGuH3NQ4TUHmyBA89R1ZPbPYQwaaS4XGAywGtCjqc4DBWIpGSMA0nW52JDyEP8MfbxpxbhT12fWfj4FnryDH8MHyhQl4ib+FM7wp+64hQspjN8MCQsQiFnU+1TIDA60WKe3BJy9fjKFfTl8ZUH0BjHV66iqR0\/QGT9+AEiV44fIHLVi+aIxs5kFOM74\/AkGQm\/wnQzT78weBqNT2J8I09UKvZ0YTShpW50HAtZO4iOk\/EZ6GXKQA\/AAJNFOpwnswV6NdL2o3kS4ZOT43ieDJvJ4ckcqkVoz24RApbgqINWuu2Guk0CVtMsfxrMoiHsbOlbDzmDi\/3MDicZmltZ4n0HBk1uLhdY5YC0HPclBeOUhYWp\/a1+bUWzFPZVfgIHUKm4RDPIO4ZnIy2m6DUgBkWPWZllqoi9AhQWuw1wtcLfy\/VeFQtZG\/4iecPRC0DJEyglY3MKKgc2raxfIg9UEbYZRwul4H+XHjJxDAnrqqdIMikMywuIr1EatEpAtCvZnXY1cLpMcNZcv9FFu242fY5vNLoqGlzo9joUaRMXLxPtRRw5XNJdDd1eaun2biT3bC+bpsr37rF0e69vqfa+QPfv9\/vqavgUOibapwZ76tb\/NCvYY\/t0bA7xz7CsDuV+ZqCP589qOQHxz+LBivazXb9L+Z5NpaD9HBww3MrnNEJ1Z\/jcZtvkOp7b2fZ5Qn5eAFtD+7xdHLdoP7+JlAjt81u6\/YKWnvcFoe5\/4WO6faGn2y9iUoz2i9vNLfa\/xPVU+yI\/VO2Xevr7K95ul3p6oI3wgfYqWsr5oB+22X8ILfsvNrf8PtqHza0++4+gpdyP9jWfl\/QhENqXbrX3uD9fhpZ0L0NLui83d1tcx8utHZXsf4XVVI7wCstTfdPq+aTbwlnLvoXgxrbR1PztJi58aJtor6LdRvsg2ham5XwOWvLfaen1YLZtytNuuTu0G6RHKrPpOjjJ0bo73iOPovV2vEfJ57Ed7yVX0Po73pWH0AbtnQ6\/C9uuRfoejhXuS79jN3gn3kNLOa51djvEX++2VWbzeLe3G6L9SqQjlOuVaAO0X9WHwtG+ygtC4gdoiX+1v+uzH\/lei+2+39vivg+Djkf6UajliMOuSmwPsE3cv8M+qgVoj\/p6POnrdT\/R31X2cqPvhz7aMdqraI+DAJFXiAla9qdoH0Q7Q\/sQ2q9G+2K0c7QPo03RPoJ2gZZ6OkH7ErSnQYCYLcRNtOR3Cy35naElvyfRkt\/XoCW\/16Alv69FS36vRUt+X4eW\/F4ng+AqGX69tPpKwtcTIMtvIECebyBApt9IgFy\/iQDZfjMB8v0WAmT8rQTI+dsAKFG\/nQA5fwcBcv5OAuT8XQTI+bsJkPP3ECDn7yVAzt9HgJy\/nwA5vxGAkvkHCJDzmwiQ8w8SIOcfIkDOP0yAnN9MgJx\/hAA5\/ygBcv4xAuT8FgAPkvOPEyDntxIg558gQM5vI0DOP0mAnH+KADn\/NAFy\/hkC5PyzBMj57QAeIuefI0DO7yBAzj9PgJx\/gQA5\/yIBcn4nAXL+JQLk\/MsEyPlXCJDzrwJ4MTn\/GgFy\/nUC5PwbBMj5NwmQ828RIOffJkDOv0OAnH+XADn\/HgFyfheAh8n59wmQ87sJkPMfECDnPyRAzn9EgJzfQ4Cc\/5gAOf8JAXL+UwLk\/GcAHiHnPydAzn9BgJz\/kgA5\/xUBcv5rAuT8XgLk\/DcEyPl9BMj5bwmQ898BeJSc\/54AOb+fADn\/AwFy\/gABcv5HAuT8TwTI+YMEyPmfCZDzhwiQ878AUCHqwwTI+SMEyPlfCZDzRwmQ878RIOePESDnjxMg508QIOdPEiDnT8nbqwVIrRY4rsUVIfMUy2BO2YlmMyY50jiYT4+Zli2m+Gtsjaf7Qsr9s0WciprUZQph1FC2PmJ\/wowM+dcoWkSKdg3ZVzLGDdFi0miOnsA9Vsj1BedGOpceRaPpzRSgcZQcHuFSfIT0DgnjKF5EyRhQPYbIKXMJJI6nuDTHKDMAXl3Ex6ropIfWTpN93PGGhNdV7VRPm704COPC\/++UQyRG8whr2xAb+3PynGBm9C4oYYRxj9LzJSGHVASyZ2PKRHLBPLt2mqTJPpIqKepospL3RbGSIuFOxeNyFbwn6cF0fixeKdYSpfRbYl0B4RGS5AklR94eTYDDzcHhCBCXNQJpHbJObM2auAf9ao33srgwn+KeARJIsplyAMDFA6U+i8Jmu\/akuGvGtTTViHiNuBQfT59ILHDxUCeEEtfk3UwQO1BkAwYgjJUb8ZmAwRwA204mcSumZsDeIKaRHMbgW0MGj55OKyeizs6eJlxBsorKkWa2OTyKmDrH8xQmJoue+tBpcHojJeyexnMUpOIwgjIRFGRtrKpUqhjSh4pRXB5DmhTHi1w5HJ\/NjlKcK3J1VBSIU5wqck1\/1seEQEF36xStWN3rpNw4iMbjfdRZmhhIxb68cIRdnoP5ja3pLUzwBik3WxWUMOr7KACNUnENd5n5GAvJLz61o5wOed0KXmQyKYWxBmvUqXlfyJvJaMEbmcGx6wBqBArF1tkz0yEuVuitHSTzdGHlmsISVmBd1f7qNpcvjNXh9Pg4gmCZ15bXsL7QWoVUcOYDLFTpEVOdZx6NTjOHWG0UuhSGMcfFEkuWsuRk6Pun0qRRO1Wdbry4OZ3fyEWYwN6jMSYbqRlzQc5vLyMWyo9YhqQyU+FLGZwd70\/HGftUdTAvApmGcyYpGRi4VdK5Ahp\/E6uBg0KxOds8GBqG2ig5Aw4ZBUpDWDuEUwz9+CDGdRaLNzYOknG8C8uHlaZqUM1sYEoaUitCrMStlKJ6YJWxT5GAyHoeWVfGCYLL\/IwyhNPgZJ+32X2QESEWkvs1m06wzXqitZPJwZgV2AloqhzXk7SXD8UjRJgNLbWVf9+JUuxepqhhjtVc5exkf5ykR2DGeSltOA3j6LhdSsdJjNsnyZ6FYLsq7N0rKmHv4CCNF9jN2jwaJSeMkfUy\/q2gKeLfajqbx9EIFGshA6AySGdyMMVWKL47Qo5OMiuDS3iIZFMONOLTZJiXz\/P6CxN0Vb+XFq5M6hJpKBxKMry6o1\/TH\/p5QOQlV39sWXsDdSjL2yaBR7ODHA+bnZkppMYSnRH0mBwkcA3sNr7SPN+CIE\/rQ3DxMh8LyQDvjZBEXbMFymB5zUwSLkYM9vLKWQ11I6wjp6xn3YJ4JUPk9Ksds9tTl5O1TIAthK7DOQOSU1ZxMUuxahZ58Vyt67msyGVPTfIcA72G4ktcvpzGIH\/bPE9uzmYxAofyF2O\/QCsuPwNVligrN5xuhLNY6VBRoUxh9nH3V+UNgaJg9jgrgz1VcDBsnOLzRYDDG+abCmM9PTk4QIkKZq3OQMXlRQLlrCIbmotaenpIX+jytMROoYtsiOb4Thgneu7JgiGWxxLG4YZQHGK\/O0EFSoo1UDSn82EcqPcz+NaNFOj1TJb+dsZMGE5z0LXtrKhntvfM6wEA2VZHDt9TEEcWlPCqkBF\/TmAggBRuUpucHAdwMCgjFTgsMqdCvpJqbEBTRBg+PIFPzrPe2jDT5fqMrorHmofExjbCEDahlk0iC1bFweTB7bFLN5Py1wfrAg69dGDgdQOxOaTELFJpK8gei1HR8t1dYozs4b9m45Fc1QPquP+jdAZoJXssWtUBSvGrRFUd\/LO4BHOqhNI8EJMAKsfKuIVYU0pM9gke\/soaF74pg3RWd92Kj2Bh0A\/44VGwrco1WAKeTgZ7LRtO0HLajYHbxKMah1FCQyVd\/35CmvNhMWeE98jJoTk5hKKQcCKeVbpGggeXuZ+Hvpo3PjlMJtm3M9WBFiCvzsch6A0tpKfG\/HgcnUyGR3f44BgJJ8waIExa7Q3AGn8TgjN6ggHjU+p4xJaqNowOsW8vnh0h0RCrwlCARj48gz7z0uyrRK3S1QSPLLjRF4SKfRr16CSCy2yKFbYa9ZLSYFczUA+8FDXqG+qgWNOQRn9ZmRKvZ6AeeBm+LE6FjaKjB798iDCxAHBBARr58pQm30dCi1ajvgJOXiTRF4uOHnzFCKYEQ4ft4CiRd1W6msCM1PMlFwexL5U9PbxVBix7wsSEi7v7HFITW8eICxi\/zFajGrGKENZyOLnnPFaT2\/zSSV0djEB57xJCEzXL6V2tTSj2vnNITbyNdK1qmPdX+5qkVUn+npLDesiBhUSH82h2RCPBbmyIp96G0oQ7BTavo2+Ip92O06S79CSH3qLyMhA+fRmjydrHCXapnaAByTPQZD093ElVJM4uFBvimdW+JukuEMxDnH43MDdIPqva1yTuUfETBWwGWKjj4pniWXfC60889DCRiQvmRDxLfHalqwke0xgrmolni2cXHT3o6776AcZzxOeUPT0cUETFq1UIIJ4nnnMHtP4gLEb6+c8lni8+9xxSE\/eItxANxP3iuTmsh\/rsVnL7p4rPW8Zosr39238X8lzxvNtxmvTaaTZ3qUAo9vPPYzX5dcTtscd+Kl4rn1\/29PDjIIamNAoEX1Dta5KvpIdkF6ZXixeUPT38Slp2F46Ni+sX5rAe+iq1VEbe10vxwryjx14Vq4w3RUFQflEG65EBou8IB5P6dQgsSrxQfPFtKE34au3tQZ6x\/IKUX7KM0nQRZzZVAErhgeJh8aJljCbbHxe5RIpynvzSSl9TDPW1i4tAzVRcKbt6fKTOT5wua+KBDNQDcRlErCyluHobShMecH+24+lxvJifoV4oH6wiNM2h3qIcSaqHllGa7gjen\/0k42UiKTp68AnVz+IHfPhGta9JxgrlRSMexyA5rvY1yYTnIsK+ut5N844em+mrHLWD4rH46rKrx+cHrLB0EIYbSaqCPcJyeg6piRdzvVHTJqKWFCgoFV1NcKo3fgsSaqXm34P6phLcAhahTrmveIW4pZA7KNTwZyJb4izVOZGSskyj3ijFk0mqsZ6+3JEtuH4NoOKD6g3yNSO8Wp7mI1ww78xfWyXv63QMp\/9r6THZi6KFLGQ6aTNp5wIxx9ctjUL8W4uTaFyleJ2qFWUkWPNwHjNU4K5Zpfr6KlULtgAvQqyokry+SuLOsccIeRJvDRV0MMYpH48ej+dTDL2hOtTN3mr1O\/EILxLnBzPrEgeoI50fbeIAoejiCI8XlWGE+FQ8gXpTBVfkpWM8a9DssIRflfLbJCJfdu1lHgdP9PHKMcNdUt1AAxyHi2LgO8qB0myUL8I9v1MiACKZicZMIrDa75LTU1UCwdmsN1Ex+e6sYtGIoXo8n2Nm7Or3SFZwkETi0J3O2vEBdq\/MDuBL37tE4DOa3kbxfSXF1nSxmB7fgcv3305zJ0ZvLInKkYQ5Bt6esRj60w\/cThPi6FkmeRO1RRfDClPYIiJOhJOA\/vWDUts27FcXQ+C\/0J2y\/DdJBHiQZruiihFvlnj8KXEhNgCViTdXUI2ySPEjMo6K36m0UTaAnnH5KH8w0sWb0FAJHRxPpwvWXvDZW2UyOYJZsfo6DnQsxna9JUcHKmCWA2\/LB0L4WIn+2Rxtq\/BSDry9GFBHVznwc\/kAz40S\/Y4cXZGnyV+IUAyM\/45M0mIIOv0x9PVgjvkJmRJSevhNiUcu1V22uz+QJ3lZCWqoBqWfkmOcidBR5oOvxpsYvoQmXX1\/7aOMAAPPwtLPZ1sacI7Kdv6uxClbGSoD5W9LvI4l6XKMfKeMld6oVDPFdZ4A8L8EymB6gDQIUmWsgP5loLvTSW82wpGdsfiVTEyYHOxjqKgxKjw4\/LDE4TTAEn5NomABQzxKxiOI1UhOERpYTvr1inF5CHjx\/BQ1ffLFFL9BRhPsIgaVeptQcIniD\/k2xW\/R\/nW0yApZb5VYdKqYFFfhd0moSEUOiIVvQ5CLFl7uyunD5DhGWgEbfVeVshOhg\/+VR\/2+RCcfqTjDu+UoxoE1UX3cXrBhSFLwwR9WCkA6d0Mu90fyjja3VVDC7t4jo+wm\/m6Jh0Foa\/noaqscqJ8ZxgpOsglWimMDXbW4d0i8Hk5PlSB5WFYDb5N4TcwGeAtfgHFOgK3683ysFMcp14ynW7w8nqMwyyrY2yVeJNWRkMm2iYfJBcyrh81tL0m9hpdKffHniqAr+V48zx0i2I3ciRs29W9vUjGTf1PgDw6WBt5X2cDgaHoyHgXHOEtM9VpEM\/1bmTKf0NnFy\/HaqbrlrSJLm7CHf6+HIJzK18uB9+uBPfVg0RD\/oLs61Ub\/A0odCCqqCuPjjXSmfQ27yzrCP+V9FW8+CAPOojHJN\/FumqTWVUj6oZwuHvUzBW3iDVUriBtVlEveI+WHwQbiwyznwcmMrpxFKUYmk8clAy\/zh49ocbMsC\/7IRTXwAlswSDMOn4bBR2XxoAP14aH2RnwWzpPDQzjw+6T4GOQP6PnbsIQZ6D9eOmTFcFIYnfyEPJ3CQ+1TrN47wjMj9fNJWAsKjb1PEyA\/VRaqK+xQrdYFoJi8YJLC0AMprE3WkjSLYJCnXnxvK1pjNSn5hEAjDsgKasnhUeUqBir+XlvWQf0Oy1opDbOMLKuFLKZiKQxdv1FkRQJUsekQpDiDjRJTlWLpBK6XNOWEFSnu6B6s+2bhVLFpsraaY3SAXad5j+8YKzbOx5wL5YTn4vmmlrcJQ+Y4ylMXMyU2dOQWK7v29S3X9Fk+Fb3ubtfdQ7mSvxRFnVK9BchrW+41VPJtwIYXPISmFuw5odUaeOr3dvXdcmsM1hz5rovasoRWFTab673Y3BaE1oZtGPoRUyWt2AKjn8Q36RQwtGE0OY1SHtDI5hDs8AAo5Azn2RgrPAUdlmaofiPm0lmdqumPtjW3uvpHG2Sl\/93GC4TU44ppezpUKoRCjQo6gAUrPfG59drtHK1xMrwh8GA1QhjFIyfslN9rXRdbJI0JVg\/67DxE+NQ5hRFqZSCi6t0VsjbVUDaDPJou0tl0kXWN9GY0y+Da7R+rqGSsTHUvo\/pMDGa5Gzile2Vj9eyzLVSNZ6gpLJwRcnyxAl2n8C+cgQw22LB9+FmAa1XMsjGmy2ZPEfEklpdbYZmQCqPp+nuZcfk2HloCWpFEot+OT7Gb+HqfoRJFDVaZV6dwFzXZR\/GQM4lvFh3jnIwNylgDlK8GGKwlSVua0pl045u3LQGLGhXCfQy+uCyAxzI2rJu\/A3TwOqTENrdcX4PScjsdJ9QdY\/nT3fjsgPd1FtYVl09hAdD5IQTg1cNYIECki+h4hk72apDFXHyyv7yqXLG8dtyCsRmpoi9MCQV9PbdOD2EHuI0ucqVqgcQnwOc8OoAecBf6D2hUM82ESMV\/IohXhawrC0cCUfrKSg\/RRfMRxr1LvxzPQpiO4BMqAg8Iw+wGWUfsO4x1bFuh+yo3fz\/0f6y89AMo5qe57+EFfn26j4lOIZZYkxujmNGjq3lewO5hQ5Uvpjjo5aZeRu5\/KU53iQi\/7C0pTnV5F6aaQ9pNcUnpJafJ7AXGc\/cS3ruDx+BzX1xe5CQ5+wa9EU5wzwy9cmNS8V9S3htAYBzVqFE\/dhKjSMXnKJwIWF03ixS4XCLPwT4TofWbduJFBB6RMOQ+nsmQa8Rj5mK0AOi7A+VDp8K4nxLCHmV1OwyIoIDapOSIhFXWqYO8\/99S4s0cvMWpXE2RrUXjTMtr0XAIdqIu1lMmy0GsSpkY2cj7Iad9VFzI+xZyG2yMQr9UbM6gSR6tK+KiAjPJ+\/whELpIfOgyYHhJT+xFZ+NpNALi7nRJXwkE\/R8pL1cWUqjmf\/HMcQBOfaRNWDrWe6\/i7qQeFRyNx2fuySJNRrE9GY5hITgJlZNKcZ8i9KBCBDtf3P9\/Tw4AAM1YaXQVRRau7lRedgJZ2AzwCLsssmRkSboake04oEgcRxhRUKKgQCQQUDDPsCQs6gDiLmoQFdQIURABAwYEF0ANyoggSsQBRdxQGAwM43zffZ1nM0fPmfk3nvP8vvTXdevWrXtvVWNZtopSicWPPFGVkHSP6nV0oTV6eb3+g\/OvHDtw2MCsgj9N\/nP+pTNuyZ1eOHZcz64qVaUttwI6ylLKVtqK7p9\/Y+HEvElTVcCKvUspFafqqxSlLCVmVUul7ehhY27OC3b79Y1EAv4TSLY4IJW8e2j3rl11Pz6YDkOHrGoxZcFUUvTh4qeCAwsnTAhemj9p6pjxk\/IKgnw0JG\/KlM5XjRszqfNviMPzOw\/PD+bmFUwbf2PeFLgRozxHEuar4j0lSgXDHt2jyn4SpxCCmUmqnniWptLn4FFD1Ug1mQXSlC9coDJUM7u5aqGCWGKmaqXaqLaWpeyZmS1bhi4fOjQ0rbCQL0bxfwiTpdqp9rATtDoMzA0OmDBhfP7U4LCCfNUvf8JYNTA3\/AQPOsuDCy04Hnf+WpLi+ez3VhpWh5+31KR4petWGI0dm11RMM4uUdU1UUrTl5jZSo2OVoEUZak51\/Tea5eq0QujqPjklEAXyHPLM2ZgaPHPUXOh+OQugb4q4GDlYj1sWMFmUbDkuLIsGyH7xq9YgTtFsW0Mn+xX7ECoe2wnZUXZ+HOgX4kKhAau76EsDaXqkF\/RgaKLr+tDZa6qSfUr0Z5iQQlm+5WA50E0lJoRfiUmEHpv9xBlBais8iuxngcxUKpO+ZU4T4lFdCpa+JX4QNH2U6uUFQelbx+\/khAIlWc0VVY8lOJRfiUxUDSkZxznKVH1J\/mVJG+eBCjF9\/uVep61RChVr\/qV5EBR1ZOPMgYl6rY9fqW+FwNsGze+7nHKedvmV1K9AUmybX4lLRDaMjWVjmFzevuVdM+xelTe9CsNA0WrMw5QmavKmvuVRp6SDKVmhF9pHChquHqQsupTmehXmgRCI3tnKasBlU1+pakXNG5BTZRfucDzjYEOtvMrGd6YZCiLh\/qVZp4HNpT6N\/iV5pHURaBL\/EoLz5qGUvOCXwl6CSrKZr\/S0lO4bcV7\/EqmtwvRUGpq\/EqrSOqWqq7ar7T2PIiBMq6RX2njKbFQqjv4lbaR1C1VjXv6lXZe3OKhbBjsV9pHUrdUqSv9SgdvngQovcb6lQs9a4lQPi70Kx0jqVuqKmb7lU5eDJC6bEp1j7ucl7p+5SJvQIqkrl\/pGgiVHr+SQcOfI\/xKN8\/lZCh9z\/qV7l4SpCDZytr6lR4Ra0jDaX4ly7PGXlT1hl\/5g+dbKpTiw37l4kDo6nqdGTRsdUO\/0jMSNKRuH7\/SywtaGpQfrvYrvQOh50+gzbPjDLvDr\/Txti0dSs0Cv5IdCAHCHvRd5VdyPA\/qQSne5Vccr3yZusFjfsWEVxobF2dZv3ECKju07dRXUWmT2hw+Eog7dFfjW9ObxPS9YmRt97a3ahX9c7xSnVQXdZdVbFmzLDUbBxYOJUuVWKrUUvMsNd9SCyxVZqlnkBk7LaUCDT\/EJaTmiiTzzjRj9FdnO5itO1uad3cPMZunpprF2woFdYdrFwlZtr1MXihruiY84unbNpsPMv9inn1su3n1pyLBzVOXGk3yxPcrDV9ocM1GGZG++i2jaaKJ\/sjQ5AUXfSpzEDUnJaETfIFeyYg1gz53aAImHZok1s3hcFK+QCc4gl4pS+Upq+8frjMIqrJJ2nWbb+yj1bYbIfd9W2lEipDS4w1cO8lOcCME\/cq1u8eWOxECe2GDQKWqEbyPbh\/vZPXoYTTJ4m2nnEcfeUR+tblfOAn7Wjm647yGJmHfiuxdywfA9\/6VB2tDghoPheSnvMGg5cTM+puZMm6JY3d5+VOZwH7jVKwLDJPBn58x9uU3VJsIWTNojNEkh2ekmVfeXo\/Vb5HQEOmQkKdvc8xkJx5b4Zg+6wYbm0Rs4A0nQrgItRQr2ti8xLks0TaaBCt3Jn551qGf8xuOEH\/1uecmC2Ew81OiKl\/MeBQ4Z5P9\/In7IGx3tN1xnim+pdLhWr+5coPzy97bBTX3iYTByMs+JNjh2mRjk4zoneXanDVC6Id6yFbW9C0t4Eu50SR2xxgY6YWp+ldiOkFd1vR7Id1jE92T567KUSrowinHTu6c4saVZxg964Eo96PbjzlnQ1+b1DlVTs0V7wrqJPsFIY32\/9WMX\/Ktk1lRYLp+2tro9NWDzAsnhpvkzt2Ri\/MExQsSBp4v3Jn2neGIUYtsV9PEzLR6Lk2+fzrV5RxE1NYxIXSi0f56Lr3q+ql2bfr592cucDUd77OuvcuFlDW9yOXKiLrBNb2FcOlnQvGC9EJtRWCQavBdubrZyLFCjlZnmlsrTyI5Pnf+0f6g0a0\/ucOZ\/QBTLBUJuUJw8OczjCaZmdbF8AVUnsMRKEdH0wRCmUOTwErOQdS9FmwVsnfoYWLOX8aeZQE7Gvnl0sS+FfVdmiTKHCSclC\/QCY4Qr2iCbtIk3eYcRGWxAchYkv53l5u9Q28wP37wruErRH1Z4jYhuRs+kxeIMoKEW80XRvRexzoUxGw3CKFJvkDkCClhph6KTEkOTnYWGk3y8YoKRsY8eOkus\/CSMkGNehJyeMZeLPwVQRP\/kLFJYEJJ3wCGyZpByw2yK8FlG7z5poBbffpDc\/F1Z8yfvjhi9EsFX5kD7502Y45Uy9LhoKDOObRICOv73HMnELRs02neRwY2O8JtFCxrI0IwW9h3oFInsaJ7JnzpDOn5jrFJYmalG00yt2qng3LlqhxuMbijRy3qx63MblFyK7GSCUzUXDNJVo+1pt\/oI6+xF+PvbPtg7RZDU7plxcvSYNiUWdPDNzwhqK\/ftEDIK29Po\/+CnNAmEb\/aBLb+SmQhlCLkw6GZrvgeISIhQDkRIsMpkai5WlnM5ynjGoQT+4eVbzpoA5LQM9NW46A4l4PGdYIRyEZf5loqb6x\/jaCeW7VQyEsFq5AnWTlYFg6jUY6O6viWgZmcDzI\/kRdG9D4pqGFPyLOPaSR4q8oWJQnAFa\/ZuClwJ9kDY9wdwQpnY\/No1MRqhNwW1KwBEtpiIIk8ObCsk+bn3BVGk3x35+uGnYpnoYnfZ2YcO2r0\/Y23I7I\/mzOh5yVD6DdRjzkyTAjqDPtba9oEZqFHfGPsUYu2OVyN7vJyMyT3TlN9OldaF3qjoN66c7kQHiDMU2KzkU9zJ9Zj5oeMvvmmZ83rTz4KVx5E8S4zn7UuFdQD1\/+EHrMs0lKI3AFlcbsLlzY20kt4tNPB\/ndPQN3eK6jjypcJ+erscwbnj0zLMpVpEVmjSZDQZvqWJ\/lzkLeCmqcYCW3zECFyMvU4cv\/+xho7luVqhpgEx5bz7u5OgmsGtXQ1yeJt6bIZ45ckuRxBlK5OwpbPF4gygoQm+AJNcgTxP3qH5CYrMkKghCWgUgfRr3lEcqP0ixkjhbAdsRHOb7gfsTxokKST\/8d+jfxjxHL6jc4jVu7JfExQ4wgWwgsF9jv7uzt\/McPubeTYLUqO4752ztGlx\/cYlkqrTzZyJxymH1F\/vOI2ITuCXVGpcbjMtTN02e43OtolQZOMdtk1rvoi2oVLgpclzjaa5J4JK9E1lftZ6zdh5pihB5rdL+Sekq3m0utioSxaPzzjfqM53YH3XjW1uTdKUvIVIlJtrRAUjPll7wZsx24ZYdcN5aX2\/O3otWAWvRyANCuH0eky9mj1U4I4bsuFsI1fv+kdY6kqw2q36TJLVKKHIBn2uYO1\/0IIVgqisucJYfvgac3+zLX9V\/35EknR8BlBgu7vyJUyQnDnCt82IwTvhl8GKvUO0oi5gBzI0WgNaGlz+jAxuNUsKaJ+\/\/RSIRiPvY\/KZhNAl8nRU8btQVee7Lz+5AHcWbYJ8gqmSd44tQq\/9rjYzBMscl8xmmTX8h1ye+QesEUTcfdcLISjeCyyPeEiZeyHJ31g1j7+vdFft30J4TlrHp4U3mq6R5RaI4FrSOhaOUiYlXr8kokOswVJ7dAmUbwgYYB521z7eL6g+E3CMPDoZsqyixBlDhIcsg5XyqbII8Cui566SFmFSx82jfZfbmwSXhjQhtflREhEIlG5ymJhyBcCCXZD2cwTYJiIhPt4+CuCRHaRpiJEJA4n+f+8grDuSNiZMyt+xPYPwBFw4Pfu6Zgt7DtQqVNYEZqs\/GGTsH3ZPGeEsAVAUTYusmFH0ckk45BpsQjcEpxxjV1WOZHHmCZhX2lZkYK2keKmr47BJ1wGL8e15o5jbdFGD0rhXHzdJkGpmwjBJGFPgPhcJ2PsbZzPQvTmqR8KwfUfx1tAMMk+znT8Fnn\/toQ5ufPLhiOIYi1COFTqEt2ILdPRzGvc4LPZKlmGHec9KKj5vUnCXs8XeNbDT0dzWp5q\/A6Ak3iY6BbfksNOlejyuoxoy4xEfJPxmpBleO94qWAcHqbhM+IxQc3QkeBMkat48S3\/RI+Lc22GMD+llcuPaqyvo4SL3xZ0jyg3ZRJ+\/5wJXYgEOOb0WoAz8MFL73ZwyLr48HL6350oKF6QsCPw8xXVJih+kzAME798Tcob37aCkS\/TZduDcn5DwK+B9HKJnrpMWU301bJbuOOtDJM7jgXwUXHG2GzXQob0XICNSWO\/SQk\/QWWHr4h1w2VX8BTteMavRyiPTTQA+ZHjnyWC2I3+OQsvGU2sZEURJZQkDCWuwdlv\/fE0srKXYzPhcMXjRyKviHvxAb0WygaHlUrER9FCIax0vsCbV7tusRIxnJZtEK0OOMeGCIp7JDzL+AKXzRFPDVhv5DTe2HyHtAaefJyDiBRYJ6R9t7dRozvwcXMQBf2qselnwr4vDG47+w3\/4EJY0VwZERf80UK4dF5AGAsmpWZAfusCotS\/AQ==(\/figma)-->\u2022 <a href=\"\/ocean-freight\/full-container\/\">Contenedor lleno<\/a><br \/>\n\u2022 <a href=\"\/ocean-freight\/less-than-full-container\">Carga Suelta<\/a><br \/>\n\u2022 <a href=\"\/ocean-freight\/ro-ro-services\">Servicios de Ro-Ro<\/a><\/p>\n<\/div><div class=\"fusion-text fusion-text-6\" style=\"font-size:16px;line-height:15px;color:#ffffff;\"><p>Aunque no somos due\u00f1os de los buques, hacemos todos los arreglos para enviar su carga al extranjero. Mantenemos excelentes relaciones de trabajo con una amplia red de navieras, garantizando la mejor soluci\u00f3n posible para el env\u00edo de su carga.<br \/>\nNuestros servicios pueden incluir la organizaci\u00f3n de un cami\u00f3n para transportar su contenedor entre su f\u00e1brica y el puerto de salida, y entre el puerto de llegada y su almac\u00e9n o centro de distribuci\u00f3n. Tambi\u00e9n gestionamos el despacho de aduana y la documentaci\u00f3n en origen y destino. Para su conveniencia, manejamos el env\u00edo de carga al extranjero de carga completa de contenedor (FCL) y de carga suelta (LCL).<\/p>\n<\/div><\/div><style type=\"text\/css\">.fusion-body .fusion-builder-nested-column-3{width:66.666666666667% !important;margin-top : 0px;margin-bottom : 20px;}.fusion-builder-nested-column-3 > .fusion-column-wrapper {padding-top : 0px !important;padding-right : 0px !important;margin-right : 2.88%;padding-bottom : 0px !important;padding-left : 0px !important;margin-left : 2.88%;}@media only screen and (max-width:1024px) {.fusion-body .fusion-builder-nested-column-3{width:66.666666666667% !important;order : 0;}.fusion-builder-nested-column-3 > .fusion-column-wrapper {margin-right : 2.88%;margin-left : 2.88%;}}@media only screen and (max-width:640px) {.fusion-body .fusion-builder-nested-column-3{width:100% !important;order : 0;}.fusion-builder-nested-column-3 > .fusion-column-wrapper {margin-right : 1.92%;margin-left : 1.92%;}}<\/style><\/div><\/div><\/div><style type=\"text\/css\">.fusion-body .fusion-builder-column-1{width:100% !important;margin-top : 0px;margin-bottom : 20px;}.fusion-builder-column-1 > .fusion-column-wrapper {padding-top : 0px !important;padding-right : 0px !important;margin-right : 1.92%;padding-bottom : 0px !important;padding-left : 0px !important;margin-left : 1.92%;}@media only screen and (max-width:1024px) {.fusion-body .fusion-builder-column-1{width:100% !important;order : 0;}.fusion-builder-column-1 > .fusion-column-wrapper {margin-right : 1.92%;margin-left : 1.92%;}}@media only screen and (max-width:640px) {.fusion-body .fusion-builder-column-1{width:100% !important;order : 0;}.fusion-builder-column-1 > .fusion-column-wrapper {margin-right : 1.92%;margin-left : 1.92%;}}<\/style><\/div><\/div><style type=\"text\/css\">.fusion-body .fusion-flex-container.fusion-builder-row-2{ padding-top : 100px;margin-top : 0px;padding-right : 0px;padding-bottom : 0px;margin-bottom : 0px;padding-left : 0px;}<\/style><\/div><\/p>","protected":false},"excerpt":{"rendered":"","protected":false},"author":1,"featured_media":0,"parent":0,"menu_order":0,"comment_status":"closed","ping_status":"closed","template":"","meta":[],"_links":{"self":[{"href":"http:\/\/bayshorelogistics.com\/es\/wp-json\/wp\/v2\/pages\/604"}],"collection":[{"href":"http:\/\/bayshorelogistics.com\/es\/wp-json\/wp\/v2\/pages"}],"about":[{"href":"http:\/\/bayshorelogistics.com\/es\/wp-json\/wp\/v2\/types\/page"}],"author":[{"embeddable":true,"href":"http:\/\/bayshorelogistics.com\/es\/wp-json\/wp\/v2\/users\/1"}],"replies":[{"embeddable":true,"href":"http:\/\/bayshorelogistics.com\/es\/wp-json\/wp\/v2\/comments?post=604"}],"version-history":[{"count":33,"href":"http:\/\/bayshorelogistics.com\/es\/wp-json\/wp\/v2\/pages\/604\/revisions"}],"predecessor-version":[{"id":819,"href":"http:\/\/bayshorelogistics.com\/es\/wp-json\/wp\/v2\/pages\/604\/revisions\/819"}],"wp:attachment":[{"href":"http:\/\/bayshorelogistics.com\/es\/wp-json\/wp\/v2\/media?parent=604"}],"curies":[{"name":"wp","href":"https:\/\/api.w.org\/{rel}","templated":true}]}}