{"id":636,"date":"2020-08-04T15:01:36","date_gmt":"2020-08-04T15:01:36","guid":{"rendered":"http:\/\/bayshorelogistics.com\/?page_id=636"},"modified":"2020-08-11T12:39:45","modified_gmt":"2020-08-11T12:39:45","slug":"full-container","status":"publish","type":"page","link":"http:\/\/bayshorelogistics.com\/es\/ocean-freight\/full-container\/","title":{"rendered":"Full container"},"content":{"rendered":"<p><div class=\"fusion-fullwidth fullwidth-box fusion-builder-row-2 fusion-flex-container fusion-parallax-none bc-filter min-height nonhundred-percent-fullwidth hundred-percent-height hundred-percent-height-center-content non-hundred-percent-height-scrolling\" style=\"background-color: rgba(255,255,255,0);background-image: url(&quot;http:\/\/bayshorelogistics.com\/wp-content\/uploads\/2020\/08\/OCEAN-FREIGHT.png&quot;);background-position: center center;background-repeat: no-repeat;border-width: 0px 0px 0px 0px;border-color:#e2e2e2;border-style:solid;-webkit-background-size:cover;-moz-background-size:cover;-o-background-size:cover;background-size:cover;\" ><div class=\"fusion-builder-row fusion-row fusion-flex-align-items-flex-start\" style=\"max-width:1248px;margin-left: calc(-4% \/ 2 );margin-right: calc(-4% \/ 2 );\"><div class=\"fusion-layout-column fusion_builder_column fusion-builder-column-1 fusion_builder_column_1_1 1_1 fusion-flex-column\"><div class=\"fusion-column-wrapper fusion-flex-justify-content-flex-start fusion-content-layout-column\" style=\"background-position:left top;background-repeat:no-repeat;-webkit-background-size:cover;-moz-background-size:cover;-o-background-size:cover;background-size:cover;padding: 0px 0px 0px 0px;\"><style type=\"text\/css\">@media only screen and (max-width:1024px) {.fusion-title.fusion-title-5{margin-top:10px!important; margin-right:0px!important;margin-bottom:15px!important;margin-left:0px!important;}}@media only screen and (max-width:640px) {.fusion-title.fusion-title-5{margin-top:10px!important; margin-right:0px!important;margin-bottom:10px!important; margin-left:0px!important;}}<\/style><div class=\"fusion-title title fusion-title-5 fusion-title-center fusion-title-text fusion-title-size-two separator-header\" style=\"margin-top:10px;margin-right:0px;margin-bottom:15px;margin-left:0px;\"><div class=\"title-sep-container title-sep-container-left\"><div class=\"title-sep sep-single sep-solid\" style=\"border-color:rgba(255,255,255,0.2);\"><\/div><\/div><div class=\"title-heading-center title-heading-tag\" style=\"margin:0;color:#000000;\"><\/div><div class=\"title-sep-container title-sep-container-right\"><div class=\"title-sep sep-single sep-solid\" style=\"border-color:rgba(255,255,255,0.2);\"><\/div><\/div><\/div><style type=\"text\/css\">@media only screen and (max-width:1024px) {.fusion-title.fusion-title-6{margin-top:50px!important; margin-right:0px!important;margin-bottom:50px!important;margin-left:0px!important;}}@media only screen and (max-width:640px) {.fusion-title.fusion-title-6{margin-top:10px!important; margin-right:0px!important;margin-bottom:10px!important; margin-left:0px!important;}}<\/style><div class=\"fusion-title title fusion-title-6 fusion-title-center fusion-title-text fusion-title-size-one\" style=\"font-size:40px;margin-top:50px;margin-right:0px;margin-bottom:50px;margin-left:0px;\"><div class=\"title-sep-container title-sep-container-left\"><div class=\"title-sep sep-double sep-solid\" style=\"border-color:rgba(226,226,226,0);\"><\/div><\/div><h1 class=\"title-heading-center\" style=\"margin:0;font-size:1em;color:#ffffff;line-height:38px;\">CONTENEDOR LLENO<\/h1><div class=\"title-sep-container title-sep-container-right\"><div class=\"title-sep sep-double sep-solid\" style=\"border-color:rgba(226,226,226,0);\"><\/div><\/div><\/div><div class=\"fusion-builder-row fusion-builder-row-inner fusion-row fusion-flex-align-items-flex-start\" style=\"width:104% !important;max-width:104% !important;margin-left: calc(-4% \/ 2 );margin-right: calc(-4% \/ 2 );\"><div class=\"fusion-layout-column fusion_builder_column_inner fusion-builder-nested-column-2 fusion_builder_column_inner_1_3 1_3 fusion-flex-column\"><div class=\"fusion-column-wrapper fusion-flex-justify-content-flex-start fusion-content-layout-column\" style=\"background-position:left top;background-repeat:no-repeat;-webkit-background-size:cover;-moz-background-size:cover;-o-background-size:cover;background-size:cover;padding: 0px 0px 0px 0px;\"><style>\n.list-tabs {\n\tmargin: 0;\n  \tpadding: 0 15px;\n\tbackground: #FFFFFF;\n\tborder-radius: 10px;\n    list-style: none;\n}\n\n.list-tabs p {\n  \tmargin: 0;\n\tpadding: 17px 20px;\n  \tborder-bottom: 1px solid rgba(18, 166, 186, 0.2);\n}\n\n.list-tabs p.child {\n\tpadding-left: 45px;\n}\n\n.list-tabs p a {\n  font-weight: 500;\n  text-transform: uppercase;\n\tdisplay: block;\n}\n\n.list-tabs li.active a {\n\tcolor: #12A6BA;\n}\n\n.list-tabs li:last-child p {\n\tborder-bottom: none;\n}\n<\/style>\n\n<ul class=\"list-tabs\">\n\t<li>\n\t\t<p>\n\t\t\t<a href=\"\/ocean-freight\/\">CARGA MAR\u00cdTIMA<\/a>\n\t\t<\/p>\n\t<\/li>\n\t<li class=\"active\">\n\t\t<p class=\"child\">\n\t\t\t<a href=\"\/ocean-freight\/full-container\/\">CONTENEDOR LLENO<\/a>\n\t\t<\/p>\n\t<\/li>\n\t<li>\n\t\t<p class=\"child\">\n\t\t\t<a href=\"\/ocean-freight\/less-than-full-container\/\">Carga Suelta \/ LCL<\/a>\n\t\t<\/p>\n\t<\/li>\n\t<li>\n\t\t<p class=\"child\">\n\t\t\t<a href=\"\/ocean-freight\/ro-ro-services\/\">SERVICIOS RO-RO<\/a>\n\t\t<\/p>\n\t<\/li>\n\t<li>\n\t\t<p>\n\t\t\t<a href=\"\/air-freight\/\">Flete A\u00e9reo<\/a>\n\t\t<\/p>\n\t<\/li>\n\t<li>\n\t\t<p>\n\t\t\t<a href=\"\/warehousing\/\">ALMACENAMIENTO<\/a>\n\t\t<\/p>\n\t<\/li>\n\t<li>\n\t\t<p>\n\t\t\t<a href=\"\/project-cargo\/\">CARGA DE PROYECTO<\/a>\n\t\t<\/p>\n\t<\/li>\n\t<li>\n\t\t<p>\n\t\t\t<a href=\"\/3pl-services\/\">SERVICIOS 3PL<\/a>\n\t\t<\/p>\n\t<\/li>\n<\/ul><\/div><style type=\"text\/css\">.fusion-body .fusion-builder-nested-column-2{width:33.333333333333% !important;margin-top : 0px;margin-bottom : 20px;}.fusion-builder-nested-column-2 > .fusion-column-wrapper {padding-top : 0px !important;padding-right : 0px !important;margin-right : 5.76%;padding-bottom : 0px !important;padding-left : 0px !important;margin-left : 5.76%;}@media only screen and (max-width:1024px) {.fusion-body .fusion-builder-nested-column-2{width:33.333333333333% !important;order : 0;}.fusion-builder-nested-column-2 > .fusion-column-wrapper {margin-right : 5.76%;margin-left : 5.76%;}}@media only screen and (max-width:640px) {.fusion-body .fusion-builder-nested-column-2{width:100% !important;order : 0;}.fusion-builder-nested-column-2 > .fusion-column-wrapper {margin-right : 1.92%;margin-left : 1.92%;}}<\/style><\/div><div class=\"fusion-layout-column fusion_builder_column_inner fusion-builder-nested-column-3 fusion_builder_column_inner_2_3 2_3 fusion-flex-column\"><div class=\"fusion-column-wrapper fusion-flex-justify-content-flex-start fusion-content-layout-column\" style=\"background-position:left top;background-repeat:no-repeat;-webkit-background-size:cover;-moz-background-size:cover;-o-background-size:cover;background-size:cover;padding: 0px 0px 0px 0px;\"><div class=\"fusion-text fusion-text-4\" style=\"font-size:16px;line-height:15px;color:#ffffff;\"><p>Como empresa de transporte de contenedores de carga completa, o FCL, Bayshore ofrece a nuestros clientes env\u00edos de carga mar\u00edtima a tiempo y confiables. A trav\u00e9s de la colaboraci\u00f3n con una red global de socios 3PL y grandes compa\u00f1\u00edas de navieras, podemos gestionar cargas completas de contenedores de puerto a puerto, de puerto a puerta o de puerta a puerta. Adem\u00e1s, ofrecemos servicios envio de documentacion y despacho de aduanas, as\u00ed como servicios de almacenamiento y distribuci\u00f3n. Deje que Bayshore asuma toda la responsabilidad de enviar su carga de contenedor completo.<\/p>\n<\/div><style type=\"text\/css\">@media only screen and (max-width:1024px) {.fusion-title.fusion-title-7{margin-top:20px!important; margin-right:0px!important;margin-bottom:10px!important;margin-left:0px!important;}}@media only screen and (max-width:640px) {.fusion-title.fusion-title-7{margin-top:10px!important; margin-right:0px!important;margin-bottom:10px!important; margin-left:0px!important;}}<\/style><div class=\"fusion-title title fusion-title-7 fusion-title-text fusion-title-size-four\" style=\"font-size:18px;margin-top:20px;margin-right:0px;margin-bottom:10px;margin-left:0px;\"><div class=\"title-sep-container title-sep-container-left fusion-no-large-visibility fusion-no-medium-visibility fusion-no-small-visibility\"><div class=\"title-sep sep-double sep-solid\" style=\"border-color:rgba(226,226,226,0.01);\"><\/div><\/div><h4 class=\"title-heading-left\" style=\"margin:0;font-size:1em;color:#ffffff;line-height:17px;\">SERVICIOS SEA EXPORT FCL<\/h4><div class=\"title-sep-container title-sep-container-right\"><div class=\"title-sep sep-double sep-solid\" style=\"border-color:rgba(226,226,226,0.01);\"><\/div><\/div><\/div><div class=\"fusion-text fusion-text-5\" style=\"font-size:16px;line-height:15px;color:#ffffff;\"><p>Ofrecemos soluciones de env\u00edo FCL de exportaci\u00f3n que aprovechan las relaciones duraderas con las principales l\u00edneas de env\u00edo. Nuestros servicios incluyen:<\/p>\n<ul>\n<li>Servicios puerta a puerta o puerta a puerto.<\/li>\n<li>\u0421arga peligrosa<\/li>\n<li>Carga sobredimensionada (Flat Racks, Open tops,, etc.)<\/li>\n<li>Carga refrigerada<\/li>\n<li>Transporte de autom\u00f3viles en contenedores.<\/li>\n<li>Agente de manejo de carga<\/li>\n<li>Tanques ISO (comestibles, aditivos, qu\u00edmicos)<\/li>\n<li>Carga de proyectos (industria de petr\u00f3leo y gas, manufactura, industrial, equipo pesado, maquinaria, carga fuera de calibre, barcos)<\/li>\n<li>Servicios de puerta a puerta o de puerto a puerta.<\/li>\n<\/ul>\n<\/div><style type=\"text\/css\">@media only screen and (max-width:1024px) {.fusion-title.fusion-title-8{margin-top:20px!important; margin-right:0px!important;margin-bottom:10px!important;margin-left:0px!important;}}@media only screen and (max-width:640px) {.fusion-title.fusion-title-8{margin-top:10px!important; margin-right:0px!important;margin-bottom:10px!important; margin-left:0px!important;}}<\/style><div class=\"fusion-title title fusion-title-8 fusion-title-text fusion-title-size-four\" style=\"font-size:18px;margin-top:20px;margin-right:0px;margin-bottom:10px;margin-left:0px;\"><div class=\"title-sep-container title-sep-container-left fusion-no-large-visibility fusion-no-medium-visibility fusion-no-small-visibility\"><div class=\"title-sep sep-double sep-solid\" style=\"border-color:rgba(226,226,226,0.01);\"><\/div><\/div><h4 class=\"title-heading-left\" style=\"margin:0;font-size:1em;color:#ffffff;line-height:17px;\">SERVICIOS DE MAR IMPORT FCL<\/h4><div class=\"title-sep-container title-sep-container-right\"><div class=\"title-sep sep-double sep-solid\" style=\"border-color:rgba(226,226,226,0.01);\"><\/div><\/div><\/div><div class=\"fusion-text fusion-text-6\" style=\"font-size:16px;line-height:15px;color:#ffffff;\"><p>Ofrecemos soluciones completas de env\u00edo de FCL desde destinos de todo el mundo. Nuestros servicios incluyen:<\/p>\n<ul>\n<li>Servicios de puerta a puerta o de puerto a puerta.<\/li>\n<li>\u0421arga peligrosa<\/li>\n<li>Carga Breakbulk<\/li>\n<li>Carga sobredimensionada<\/li>\n<li>Carga refrigerada<\/li>\n<li>Agente de manejo de carga<\/li>\n<li>Tanques ISO (comestibles, aditivos, qu\u00edmicos)<\/li>\n<li>Carga de proyectos (industria de petr\u00f3leo y gas, manufactura, industrial, equipo pesado, maquinaria, carga fuera de calibre, barcos)<\/li>\n<li>Servicios puerta a puerta o puerto a puerta<\/li>\n<\/ul>\n<\/div><\/div><style type=\"text\/css\">.fusion-body .fusion-builder-nested-column-3{width:66.666666666667% !important;margin-top : 0px;margin-bottom : 20px;}.fusion-builder-nested-column-3 > .fusion-column-wrapper {padding-top : 0px !important;padding-right : 0px !important;margin-right : 2.88%;padding-bottom : 0px !important;padding-left : 0px !important;margin-left : 2.88%;}@media only screen and (max-width:1024px) {.fusion-body .fusion-builder-nested-column-3{width:66.666666666667% !important;order : 0;}.fusion-builder-nested-column-3 > .fusion-column-wrapper {margin-right : 2.88%;margin-left : 2.88%;}}@media only screen and (max-width:640px) {.fusion-body .fusion-builder-nested-column-3{width:100% !important;order : 0;}.fusion-builder-nested-column-3 > .fusion-column-wrapper {margin-right : 1.92%;margin-left : 1.92%;}}<\/style><\/div><\/div><\/div><style type=\"text\/css\">.fusion-body .fusion-builder-column-1{width:100% !important;margin-top : 0px;margin-bottom : 20px;}.fusion-builder-column-1 > .fusion-column-wrapper {padding-top : 0px !important;padding-right : 0px !important;margin-right : 1.92%;padding-bottom : 0px !important;padding-left : 0px !important;margin-left : 1.92%;}@media only screen and (max-width:1024px) {.fusion-body .fusion-builder-column-1{width:100% !important;order : 0;}.fusion-builder-column-1 > .fusion-column-wrapper {margin-right : 1.92%;margin-left : 1.92%;}}@media only screen and (max-width:640px) {.fusion-body .fusion-builder-column-1{width:100% !important;order : 0;}.fusion-builder-column-1 > .fusion-column-wrapper {margin-right : 1.92%;margin-left : 1.92%;}}<\/style><\/div><\/div><style type=\"text\/css\">.fusion-body .fusion-flex-container.fusion-builder-row-2{ padding-top : 100px;margin-top : 0px;padding-right : 0px;padding-bottom : 0px;margin-bottom : 0px;padding-left : 0px;}<\/style><\/div><\/p>","protected":false},"excerpt":{"rendered":"","protected":false},"author":1,"featured_media":0,"parent":604,"menu_order":0,"comment_status":"closed","ping_status":"closed","template":"","meta":[],"_links":{"self":[{"href":"http:\/\/bayshorelogistics.com\/es\/wp-json\/wp\/v2\/pages\/636"}],"collection":[{"href":"http:\/\/bayshorelogistics.com\/es\/wp-json\/wp\/v2\/pages"}],"about":[{"href":"http:\/\/bayshorelogistics.com\/es\/wp-json\/wp\/v2\/types\/page"}],"author":[{"embeddable":true,"href":"http:\/\/bayshorelogistics.com\/es\/wp-json\/wp\/v2\/users\/1"}],"replies":[{"embeddable":true,"href":"http:\/\/bayshorelogistics.com\/es\/wp-json\/wp\/v2\/comments?post=636"}],"version-history":[{"count":15,"href":"http:\/\/bayshorelogistics.com\/es\/wp-json\/wp\/v2\/pages\/636\/revisions"}],"predecessor-version":[{"id":820,"href":"http:\/\/bayshorelogistics.com\/es\/wp-json\/wp\/v2\/pages\/636\/revisions\/820"}],"up":[{"embeddable":true,"href":"http:\/\/bayshorelogistics.com\/es\/wp-json\/wp\/v2\/pages\/604"}],"wp:attachment":[{"href":"http:\/\/bayshorelogistics.com\/es\/wp-json\/wp\/v2\/media?parent=636"}],"curies":[{"name":"wp","href":"https:\/\/api.w.org\/{rel}","templated":true}]}}