{"id":652,"date":"2020-08-05T06:57:42","date_gmt":"2020-08-05T06:57:42","guid":{"rendered":"http:\/\/bayshorelogistics.com\/?page_id=652"},"modified":"2020-08-11T12:40:49","modified_gmt":"2020-08-11T12:40:49","slug":"less-than-full-container","status":"publish","type":"page","link":"http:\/\/bayshorelogistics.com\/es\/ocean-freight\/less-than-full-container\/","title":{"rendered":"Less than full container"},"content":{"rendered":"<p><div class=\"fusion-fullwidth fullwidth-box fusion-builder-row-2 fusion-flex-container fusion-parallax-none bc-filter min-height nonhundred-percent-fullwidth hundred-percent-height hundred-percent-height-center-content non-hundred-percent-height-scrolling\" style=\"background-color: rgba(255,255,255,0);background-image: url(&quot;http:\/\/bayshorelogistics.com\/wp-content\/uploads\/2020\/08\/image-238.png&quot;);background-position: center center;background-repeat: no-repeat;border-width: 0px 0px 0px 0px;border-color:#e2e2e2;border-style:solid;-webkit-background-size:cover;-moz-background-size:cover;-o-background-size:cover;background-size:cover;\" ><div class=\"fusion-builder-row fusion-row fusion-flex-align-items-flex-start\" style=\"max-width:1248px;margin-left: calc(-4% \/ 2 );margin-right: calc(-4% \/ 2 );\"><div class=\"fusion-layout-column fusion_builder_column fusion-builder-column-1 fusion_builder_column_1_1 1_1 fusion-flex-column\"><div class=\"fusion-column-wrapper fusion-flex-justify-content-flex-start fusion-content-layout-column\" style=\"background-position:left top;background-repeat:no-repeat;-webkit-background-size:cover;-moz-background-size:cover;-o-background-size:cover;background-size:cover;padding: 0px 0px 0px 0px;\"><style type=\"text\/css\">@media only screen and (max-width:1024px) {.fusion-title.fusion-title-3{margin-top:10px!important; margin-right:0px!important;margin-bottom:15px!important;margin-left:0px!important;}}@media only screen and (max-width:640px) {.fusion-title.fusion-title-3{margin-top:10px!important; margin-right:0px!important;margin-bottom:10px!important; margin-left:0px!important;}}<\/style><div class=\"fusion-title title fusion-title-3 fusion-title-center fusion-title-text fusion-title-size-two separator-header\" style=\"margin-top:10px;margin-right:0px;margin-bottom:15px;margin-left:0px;\"><div class=\"title-sep-container title-sep-container-left\"><div class=\"title-sep sep-single sep-solid\" style=\"border-color:rgba(255,255,255,0.2);\"><\/div><\/div><div class=\"title-heading-center title-heading-tag\" style=\"margin:0;color:rgba(255,255,255,0);\"><\/div><div class=\"title-sep-container title-sep-container-right\"><div class=\"title-sep sep-single sep-solid\" style=\"border-color:rgba(255,255,255,0.2);\"><\/div><\/div><\/div><style type=\"text\/css\">@media only screen and (max-width:1024px) {.fusion-title.fusion-title-4{margin-top:50px!important; margin-right:0px!important;margin-bottom:40px!important;margin-left:0px!important;}}@media only screen and (max-width:640px) {.fusion-title.fusion-title-4{margin-top:10px!important; margin-right:0px!important;margin-bottom:10px!important; margin-left:0px!important;}}<\/style><div class=\"fusion-title title fusion-title-4 fusion-title-center fusion-title-text fusion-title-size-one\" style=\"font-size:40px;margin-top:50px;margin-right:0px;margin-bottom:40px;margin-left:0px;\"><div class=\"title-sep-container title-sep-container-left\"><div class=\"title-sep sep-double sep-solid\" style=\"border-color:rgba(226,226,226,0);\"><\/div><\/div><h1 class=\"title-heading-center\" style=\"margin:0;font-size:1em;color:#ffffff;line-height:38px;\"><p class=\"p1\"><b>Carga Suelta \/ LCL<\/b><\/p><\/h1><div class=\"title-sep-container title-sep-container-right\"><div class=\"title-sep sep-double sep-solid\" style=\"border-color:rgba(226,226,226,0);\"><\/div><\/div><\/div><div class=\"fusion-builder-row fusion-builder-row-inner fusion-row fusion-flex-align-items-flex-start\" style=\"width:104% !important;max-width:104% !important;margin-left: calc(-4% \/ 2 );margin-right: calc(-4% \/ 2 );\"><div class=\"fusion-layout-column fusion_builder_column_inner fusion-builder-nested-column-2 fusion_builder_column_inner_1_3 1_3 fusion-flex-column\"><div class=\"fusion-column-wrapper fusion-flex-justify-content-flex-start fusion-content-layout-column\" style=\"background-position:left top;background-repeat:no-repeat;-webkit-background-size:cover;-moz-background-size:cover;-o-background-size:cover;background-size:cover;padding: 0px 0px 0px 0px;\"><style>\n.list-tabs {\n\tmargin: 0;\n  \tpadding: 0 15px;\n\tbackground: #FFFFFF;\n\tborder-radius: 10px;\n    list-style: none;\n}\n\n.list-tabs p {\n  \tmargin: 0;\n\tpadding: 17px 20px;\n  \tborder-bottom: 1px solid rgba(18, 166, 186, 0.2);\n}\n\n.list-tabs p.child {\n\tpadding-left: 45px;\n}\n\n.list-tabs p a {\n  font-weight: 500;\n  text-transform: uppercase;\n\tdisplay: block;\n}\n\n.list-tabs li.active a {\n\tcolor: #12A6BA;\n}\n\n.list-tabs li:last-child p {\n\tborder-bottom: none;\n}\n<\/style>\n\n<ul class=\"list-tabs\">\n\t<li>\n\t\t<p>\n\t\t\t<a href=\"\/ocean-freight\/\">CARGA MAR\u00cdTIMA<\/a>\n\t\t<\/p>\n\t<\/li>\n\t<li>\n\t\t<p class=\"child\">\n\t\t\t<a href=\"\/ocean-freight\/full-container\/\">CONTENEDOR LLENO<\/a>\n\t\t<\/p>\n\t<\/li>\n\t<li  class=\"active\">\n\t\t<p class=\"child\">\n\t\t\t<a href=\"\/ocean-freight\/less-than-full-container\/\">Carga Suelta \/ LCL<\/a>\n\t\t<\/p>\n\t<\/li>\n\t<li>\n\t\t<p class=\"child\">\n\t\t\t<a href=\"\/ocean-freight\/ro-ro-services\/\">SERVICIOS RO-RO<\/a>\n\t\t<\/p>\n\t<\/li>\n\t<li>\n\t\t<p>\n\t\t\t<a href=\"\/air-freight\/\">Flete A\u00e9reo<\/a>\n\t\t<\/p>\n\t<\/li>\n\t<li>\n\t\t<p>\n\t\t\t<a href=\"\/warehousing\/\">ALMACENAMIENTO<\/a>\n\t\t<\/p>\n\t<\/li>\n\t<li>\n\t\t<p>\n\t\t\t<a href=\"\/project-cargo\/\">CARGA DE PROYECTO<\/a>\n\t\t<\/p>\n\t<\/li>\n\t<li>\n\t\t<p>\n\t\t\t<a href=\"\/3pl-services\/\">SERVICIOS 3PL<\/a>\n\t\t<\/p>\n\t<\/li>\n<\/ul><\/div><style type=\"text\/css\">.fusion-body .fusion-builder-nested-column-2{width:33.333333333333% !important;margin-top : 0px;margin-bottom : 20px;}.fusion-builder-nested-column-2 > .fusion-column-wrapper {padding-top : 0px !important;padding-right : 0px !important;margin-right : 5.76%;padding-bottom : 0px !important;padding-left : 0px !important;margin-left : 5.76%;}@media only screen and (max-width:1024px) {.fusion-body .fusion-builder-nested-column-2{width:33.333333333333% !important;order : 0;}.fusion-builder-nested-column-2 > .fusion-column-wrapper {margin-right : 5.76%;margin-left : 5.76%;}}@media only screen and (max-width:640px) {.fusion-body .fusion-builder-nested-column-2{width:100% !important;order : 0;}.fusion-builder-nested-column-2 > .fusion-column-wrapper {margin-right : 1.92%;margin-left : 1.92%;}}<\/style><\/div><div class=\"fusion-layout-column fusion_builder_column_inner fusion-builder-nested-column-3 fusion_builder_column_inner_2_3 2_3 fusion-flex-column\"><div class=\"fusion-column-wrapper fusion-flex-justify-content-flex-start fusion-content-layout-column\" style=\"background-position:left top;background-repeat:no-repeat;-webkit-background-size:cover;-moz-background-size:cover;-o-background-size:cover;background-size:cover;padding: 0px 0px 0px 0px;\"><div class=\"fusion-text fusion-text-2\" style=\"font-size:16px;line-height:15px;color:#ffffff;\"><p class=\"p1\">Bayshore es una importante empresa internacional de corretaje de env\u00edo de carga suelta que el LCL. Ofrecemos servicios de consolidaci\u00f3n de LCL de importaci\u00f3n y exportaci\u00f3n regulares y confiables con salidas semanales hacia y desde una gran cantidad de destinos en todo el mundo. Nuestro objetivo es minimizar los tiempos de transporte y reducir el manejo de la carga al tiempo que ofrecemos tarifas competitivas y asequibles.<\/p>\n<p class=\"p1\">\u00bfC\u00f3mo funciona el env\u00edo LTL? Si no tiene un contenedor lleno para enviar, consolidamos su env\u00edo con los env\u00edos LTL de otros clientes. Al consolidar m\u00faltiples cargas inferiores al contenedor en un contenedor lleno, los clientes comparten el costo del contenedor completo y pueden enviar vol\u00famenes m\u00e1s bajos a tarifas rentables de contenedor completo. Esta soluci\u00f3n flexible le permite aprovechar las econom\u00edas de escala y la frecuencia de enrutamiento que de otro modo no estar\u00eda disponible para los peque\u00f1os cargadores.<\/p>\n<p class=\"p1\">\u00a1No esperes hasta tener un contenedor lleno! Deje que Bayshore mantenga sus productos en movimiento al consolidar sus env\u00edos con la carga de otros comerciantes. Y aseg\u00farese de combinar este servicio con nuestras otras ofertas: seguimiento en tiempo real, documentaci\u00f3n aduanera, servicio puerta a puerta y almacenamiento y distribuci\u00f3n, para obtener una soluci\u00f3n de transporte de extremo a extremo verdaderamente personalizada a un precio competitivo.<\/p>\n<\/div><\/div><style type=\"text\/css\">.fusion-body .fusion-builder-nested-column-3{width:66.666666666667% !important;margin-top : 0px;margin-bottom : 20px;}.fusion-builder-nested-column-3 > .fusion-column-wrapper {padding-top : 0px !important;padding-right : 0px !important;margin-right : 2.88%;padding-bottom : 0px !important;padding-left : 0px !important;margin-left : 2.88%;}@media only screen and (max-width:1024px) {.fusion-body .fusion-builder-nested-column-3{width:66.666666666667% !important;order : 0;}.fusion-builder-nested-column-3 > .fusion-column-wrapper {margin-right : 2.88%;margin-left : 2.88%;}}@media only screen and (max-width:640px) {.fusion-body .fusion-builder-nested-column-3{width:100% !important;order : 0;}.fusion-builder-nested-column-3 > .fusion-column-wrapper {margin-right : 1.92%;margin-left : 1.92%;}}<\/style><\/div><\/div><\/div><style type=\"text\/css\">.fusion-body .fusion-builder-column-1{width:100% !important;margin-top : 0px;margin-bottom : 20px;}.fusion-builder-column-1 > .fusion-column-wrapper {padding-top : 0px !important;padding-right : 0px !important;margin-right : 1.92%;padding-bottom : 0px !important;padding-left : 0px !important;margin-left : 1.92%;}@media only screen and (max-width:1024px) {.fusion-body .fusion-builder-column-1{width:100% !important;order : 0;}.fusion-builder-column-1 > .fusion-column-wrapper {margin-right : 1.92%;margin-left : 1.92%;}}@media only screen and (max-width:640px) {.fusion-body .fusion-builder-column-1{width:100% !important;order : 0;}.fusion-builder-column-1 > .fusion-column-wrapper {margin-right : 1.92%;margin-left : 1.92%;}}<\/style><\/div><\/div><style type=\"text\/css\">.fusion-body .fusion-flex-container.fusion-builder-row-2{ padding-top : 100px;margin-top : 0px;padding-right : 0px;padding-bottom : 0px;margin-bottom : 0px;padding-left : 0px;}<\/style><\/div><\/p>","protected":false},"excerpt":{"rendered":"","protected":false},"author":1,"featured_media":0,"parent":604,"menu_order":0,"comment_status":"closed","ping_status":"closed","template":"","meta":[],"_links":{"self":[{"href":"http:\/\/bayshorelogistics.com\/es\/wp-json\/wp\/v2\/pages\/652"}],"collection":[{"href":"http:\/\/bayshorelogistics.com\/es\/wp-json\/wp\/v2\/pages"}],"about":[{"href":"http:\/\/bayshorelogistics.com\/es\/wp-json\/wp\/v2\/types\/page"}],"author":[{"embeddable":true,"href":"http:\/\/bayshorelogistics.com\/es\/wp-json\/wp\/v2\/users\/1"}],"replies":[{"embeddable":true,"href":"http:\/\/bayshorelogistics.com\/es\/wp-json\/wp\/v2\/comments?post=652"}],"version-history":[{"count":8,"href":"http:\/\/bayshorelogistics.com\/es\/wp-json\/wp\/v2\/pages\/652\/revisions"}],"predecessor-version":[{"id":821,"href":"http:\/\/bayshorelogistics.com\/es\/wp-json\/wp\/v2\/pages\/652\/revisions\/821"}],"up":[{"embeddable":true,"href":"http:\/\/bayshorelogistics.com\/es\/wp-json\/wp\/v2\/pages\/604"}],"wp:attachment":[{"href":"http:\/\/bayshorelogistics.com\/es\/wp-json\/wp\/v2\/media?parent=652"}],"curies":[{"name":"wp","href":"https:\/\/api.w.org\/{rel}","templated":true}]}}